{"id":304,"date":"2016-09-27T07:38:57","date_gmt":"2016-09-27T07:38:57","guid":{"rendered":"http:\/\/niobe.axiomthemes.com\/?page_id=304"},"modified":"2021-05-16T04:47:20","modified_gmt":"2021-05-16T02:47:20","slug":"bio-hafedh","status":"publish","type":"page","link":"https:\/\/mikkaevent.com\/index.php\/bio-hafedh\/","title":{"rendered":"Bio Hafedh"},"content":{"rendered":"<p>[vc_row full_width=\u00a0\u00bbstretch_row_content_no_spaces\u00a0\u00bb equal_height=\u00a0\u00bbyes\u00a0\u00bb][vc_column width=\u00a0\u00bb1\/2&Prime; css=\u00a0\u00bb.vc_custom_1621130334872{background-image: url(http:\/\/mikkaevent.com\/wp-content\/uploads\/2021\/05\/hafedh-1.jpg?id=2160) !important;background-position: center !important;background-repeat: no-repeat !important;background-size: cover !important;}\u00a0\u00bb][vc_empty_space height=\u00a0\u00bb10rem\u00a0\u00bb alter_height=\u00a0\u00bbnone\u00a0\u00bb hide_on_desktop=\u00a0\u00bb\u00a0\u00bb hide_on_notebook=\u00a0\u00bb\u00a0\u00bb hide_on_tablet=\u00a0\u00bb\u00a0\u00bb hide_on_mobile=\u00a0\u00bb\u00a0\u00bb][vc_empty_space height=\u00a0\u00bb10rem\u00a0\u00bb alter_height=\u00a0\u00bbnone\u00a0\u00bb hide_on_desktop=\u00a0\u00bb\u00a0\u00bb hide_on_notebook=\u00a0\u00bb\u00a0\u00bb hide_on_tablet=\u00a0\u00bb\u00a0\u00bb hide_on_mobile=\u00a0\u00bb\u00a0\u00bb][vc_empty_space height=\u00a0\u00bb10rem\u00a0\u00bb alter_height=\u00a0\u00bbnone\u00a0\u00bb hide_on_desktop=\u00a0\u00bb\u00a0\u00bb hide_on_notebook=\u00a0\u00bb\u00a0\u00bb hide_on_tablet=\u00a0\u00bb\u00a0\u00bb hide_on_mobile=\u00a0\u00bb\u00a0\u00bb][vc_empty_space height=\u00a0\u00bb10rem\u00a0\u00bb alter_height=\u00a0\u00bbnone\u00a0\u00bb hide_on_desktop=\u00a0\u00bb\u00a0\u00bb hide_on_notebook=\u00a0\u00bb\u00a0\u00bb hide_on_tablet=\u00a0\u00bb\u00a0\u00bb hide_on_mobile=\u00a0\u00bb\u00a0\u00bb][\/vc_column][vc_column width=\u00a0\u00bb1\/2&Prime; fix_column=\u00a0\u00bb\u00a0\u00bb hide_bg_image_on_tablet=\u00a0\u00bb\u00a0\u00bb hide_bg_image_on_mobile=\u00a0\u00bb\u00a0\u00bb]<div id=\"sc_content_1201839662\"\r\n\t\tclass=\"sc_content color_style_default sc_content_default sc_content_width_90p sc_float_center\"><div class=\"sc_content_container\"><div id=\"sc_title_996778162\"\n\t\tclass=\"sc_title color_style_default sc_title_huge shadow_bg_text\">\n\t<div class=\"sc_item_shadow_bg_text  sc_align_left sc_item_title_style_huge sc_item_shadow_size_big niobe_inline_87091968\">Hafedh<\/div>\n\n<h3 class=\"sc_item_title sc_title_title sc_align_left sc_item_title_style_huge\">Bienvenue \u00e0 Mikkaevent.com<\/h3><h6 class=\"sc_item_subtitle sc_title_subtitle sc_align_left sc_item_title_style_huge\">De la Passion \u00e0 la Profession\u2026<\/h6><div class=\"sc_item_descr sc_title_descr sc_align_left\"><p>Mon nom est Hafedh Akremi alias Mika pour les amis, je suis l\u2019heureux le fondateur et le CEO de Mikka<br \/>\nDe p\u00e8re diplomate, j\u2019ai pass\u00e9 mon enfance et mon adolescence entre plusieurs pays d\u2019Europe et d\u2019Afrique.<br \/>\nJ\u2019\u00e9tais d\u00e9j\u00e0 passionn\u00e9 de voyages et d\u2019organisation d\u2019\u00e9v\u00e8nements depuis mon plus jeune \u00e2ge, j\u2019ai voulu donn\u00e9 un sens \u00e0 ma vocation de cr\u00e9er et d\u2019organiser pour le plaisir des autres.<br \/>\nA 20 ans encore \u00e9tudiant, j\u2019ai emmen\u00e9 mon 1er groupe d\u2019une centaine d\u2019\u00e9tudiants pour un voyage de 15 jours aux USA. De l\u00e0 les choses vont s\u2019enchainer !<br \/>\nA 25 ans apr\u00e8s mes \u00e9tudes de commerce et marketing \u00e0 l\u2019IHEC Carthage, j\u2019avais d\u00e9j\u00e0 visit\u00e9 plus de 25 pays et organis\u00e9 de nombreux voyages de groupes ainsi que des \u00e9v\u00e8nements dans le monde de la danse, du monde de la nuit, du sport et de l\u2019\u00e9v\u00e8nementiel.<br \/>\nA 32 ans j\u2019int\u00e8gre l\u2019\u00e9quipe de la prestigieuse agence de voyages EdenTours. J\u2019ai 02 casquettes, Directeur Marketing (un budget annuel de +500M de DT) et Directeur Outgoing, je fais jusqu\u2019\u00e0 aujourd\u2019hui la cr\u00e9ation des circuits de voyages et j\u2019accompagne certains groupes en tant que guide international (Je parle plusieurs langues : Fran\u00e7ais, Anglais, Arabe, Espagnol et Italien).<br \/>\nFin 2018, en parall\u00e8le de ma carri\u00e8re \u00e0 EdenTours et avec l\u2019approbation de mon PDG, je lance ma boite d\u2019\u00e9v\u00e8nementiel Mikka Event. Initialement Mikka \u00e9tait destin\u00e9e pour l\u2019organisation d\u2019\u00e9v\u00e9nements sportifs mais d\u00e8s le d\u00e9but il est apparu \u00e9vident que l\u2019on pouvait faire beaucoup plus !<br \/>\nLe succ\u00e8s fut imm\u00e9diat, mon expertise et ma renomm\u00e9e dans le milieu du voyage et de l\u2019organisationnel ont fait que plusieurs grandes compagnies tunisiennes et internationales ont demand\u00e9 les services de Mikka.<br \/>\nDepuis 3 ans Mikka a organis\u00e9 les voyages d\u2019incentives de plusieurs grandes enseignes, mis en place des \u00e9v\u00e8nements sportifs \u00e0 l\u2019\u00e9tranger et est devenue une r\u00e9f\u00e9rence pour les prestations de luxe \u00ab \u00e0 la carte \u00bb.<br \/>\nA 44 ans, j\u2019ai visit\u00e9 plus de 50 pays dont je connais toutes les subtilit\u00e9s.<br \/>\nJe serais heureux de vous faire partager ma passion\u2026<\/p>\n<\/div><\/div><!-- \/.sc_title --><\/div><\/div><!-- \/.sc_content -->[\/vc_column][\/vc_row]<\/p>\n","protected":false},"excerpt":{"rendered":"<p>[vc_row full_width=\u00a0\u00bbstretch_row_content_no_spaces\u00a0\u00bb equal_height=\u00a0\u00bbyes\u00a0\u00bb][vc_column width=\u00a0\u00bb1\/2&Prime; css=\u00a0\u00bb.vc_custom_1621130334872{background-image: url(http:\/\/mikkaevent.com\/wp-content\/uploads\/2021\/05\/hafedh-1.jpg?id=2160) !important;background-position: center !important;background-repeat: no-repeat !important;background-size: cover !important;}\u00a0\u00bb][vc_empty_space height=\u00a0\u00bb10rem\u00a0\u00bb alter_height=\u00a0\u00bbnone\u00a0\u00bb hide_on_desktop=\u00a0\u00bb\u00a0\u00bb hide_on_notebook=\u00a0\u00bb\u00a0\u00bb hide_on_tablet=\u00a0\u00bb\u00a0\u00bb hide_on_mobile=\u00a0\u00bb\u00a0\u00bb][vc_empty_space height=\u00a0\u00bb10rem\u00a0\u00bb alter_height=\u00a0\u00bbnone\u00a0\u00bb hide_on_desktop=\u00a0\u00bb\u00a0\u00bb hide_on_notebook=\u00a0\u00bb\u00a0\u00bb hide_on_tablet=\u00a0\u00bb\u00a0\u00bb hide_on_mobile=\u00a0\u00bb\u00a0\u00bb][vc_empty_space height=\u00a0\u00bb10rem\u00a0\u00bb alter_height=\u00a0\u00bbnone\u00a0\u00bb hide_on_desktop=\u00a0\u00bb\u00a0\u00bb hide_on_notebook=\u00a0\u00bb\u00a0\u00bb hide_on_tablet=\u00a0\u00bb\u00a0\u00bb hide_on_mobile=\u00a0\u00bb\u00a0\u00bb][vc_empty_space height=\u00a0\u00bb10rem\u00a0\u00bb alter_height=\u00a0\u00bbnone\u00a0\u00bb hide_on_desktop=\u00a0\u00bb\u00a0\u00bb hide_on_notebook=\u00a0\u00bb\u00a0\u00bb hide_on_tablet=\u00a0\u00bb\u00a0\u00bb hide_on_mobile=\u00a0\u00bb\u00a0\u00bb][\/vc_column][vc_column width=\u00a0\u00bb1\/2&Prime; fix_column=\u00a0\u00bb\u00a0\u00bb hide_bg_image_on_tablet=\u00a0\u00bb\u00a0\u00bb&hellip;<\/p>\n","protected":false},"author":1,"featured_media":0,"parent":0,"menu_order":0,"comment_status":"closed","ping_status":"closed","template":"","meta":{"footnotes":""},"_links":{"self":[{"href":"https:\/\/mikkaevent.com\/index.php\/wp-json\/wp\/v2\/pages\/304"}],"collection":[{"href":"https:\/\/mikkaevent.com\/index.php\/wp-json\/wp\/v2\/pages"}],"about":[{"href":"https:\/\/mikkaevent.com\/index.php\/wp-json\/wp\/v2\/types\/page"}],"author":[{"embeddable":true,"href":"https:\/\/mikkaevent.com\/index.php\/wp-json\/wp\/v2\/users\/1"}],"replies":[{"embeddable":true,"href":"https:\/\/mikkaevent.com\/index.php\/wp-json\/wp\/v2\/comments?post=304"}],"version-history":[{"count":9,"href":"https:\/\/mikkaevent.com\/index.php\/wp-json\/wp\/v2\/pages\/304\/revisions"}],"predecessor-version":[{"id":2172,"href":"https:\/\/mikkaevent.com\/index.php\/wp-json\/wp\/v2\/pages\/304\/revisions\/2172"}],"wp:attachment":[{"href":"https:\/\/mikkaevent.com\/index.php\/wp-json\/wp\/v2\/media?parent=304"}],"curies":[{"name":"wp","href":"https:\/\/api.w.org\/{rel}","templated":true}]}}