{"id":137,"date":"2016-09-26T07:17:15","date_gmt":"2016-09-26T07:17:15","guid":{"rendered":"http:\/\/niobe.axiomthemes.com\/?page_id=137"},"modified":"2021-05-16T06:34:08","modified_gmt":"2021-05-16T04:34:08","slug":"home","status":"publish","type":"page","link":"https:\/\/mikkaevent.com\/","title":{"rendered":"Home"},"content":{"rendered":"<p>[vc_row full_width=\u00a0\u00bbstretch_row_content_no_spaces\u00a0\u00bb equal_height=\u00a0\u00bbyes\u00a0\u00bb][vc_column]<a id=\"sc_anchor_slider\"\r\n\t\ttitle=\"Slider\" \r\n\t\t class=\"sc_anchor sc_anchor_default\" data-vc-icon=\"\" data-url=\"\"><\/a>[rev_slider_vc alias=\u00a0\u00bbhome_1&Prime;][\/vc_column][\/vc_row][vc_row full_width=\u00a0\u00bbstretch_row_content_no_spaces\u00a0\u00bb][vc_column]<a id=\"sc_anchor_start\"\r\n\t\ttitle=\"Start\" \r\n\t\t class=\"sc_anchor sc_anchor_default\" data-vc-icon=\"\" data-url=\"\"><\/a><div  id=\"sc_promo_2046660264\" \r\n\tclass=\"sc_promo color_style_default sc_promo_default sc_promo_size_normal sc_promo_image_position_left\"><div class=\"sc_promo_image\" style=\"background-image:url(https:\/\/mikkaevent.com\/wp-content\/uploads\/2021\/05\/table.jpg);width:50%;left: 0;\"><\/div><div class=\"sc_promo_text trx_addons_stretch_height\" style=\"width: 50%;float: right;\">\r\n\t\t\t<div class=\"sc_promo_text_inner sc_content_width_50%\" style=\"\"><div class=\"sc_promo_content sc_item_content\">[vc_empty_space height=\u00a0\u00bb2rem\u00a0\u00bb alter_height=\u00a0\u00bbnone\u00a0\u00bb hide_on_desktop=\u00a0\u00bb\u00a0\u00bb hide_on_notebook=\u00a0\u00bb\u00a0\u00bb hide_on_tablet=\u00a0\u00bb\u00a0\u00bb hide_on_mobile=\u00a0\u00bb\u00a0\u00bb][vc_row_inner][vc_column_inner]<div id=\"sc_title_1309202845\"\n\t\tclass=\"sc_title color_style_default sc_title_huge shadow_bg_text\">\n\t<div class=\"sc_item_shadow_bg_text  sc_align_left sc_item_title_style_huge sc_item_shadow_size_big niobe_inline_462015806\">MIKKA<\/div>\n\n<h3 class=\"sc_item_title sc_title_title sc_align_left sc_item_title_style_huge\">Mikka Event<\/h3><h6 class=\"sc_item_subtitle sc_title_subtitle sc_align_left sc_item_title_style_huge\">agence \u00e9v\u00e9nementielle avant-gardiste Tunisienne<\/h6><div class=\"sc_item_descr sc_title_descr sc_align_left\"><p>Cr\u00e9\u00e9 en 2018, Mikka est devenue en l\u2019espace de quelques ann\u00e9es la r\u00e9f\u00e9rence du march\u00e9 pour son savoir-faire, son s\u00e9rieux et la qualit\u00e9 de ses partenaires.<br \/>\nNous avons une expertise de plus de 20 ans dans ce domaine o\u00f9 la logistique, l\u2019organisation et la pr\u00e9cision sont les maitres mots. Votre \u00e9v\u00e8nement d\u2019entreprise, votre s\u00e9jour ou votre prestation doivent \u00eatre un succ\u00e8s et leurs budgets doivent \u00eatre adapt\u00e9s.<\/p>\n<\/div><\/div><!-- \/.sc_title -->[vc_empty_space height=\u00a0\u00bb2.3rem\u00a0\u00bb alter_height=\u00a0\u00bbnone\u00a0\u00bb hide_on_desktop=\u00a0\u00bb\u00a0\u00bb hide_on_notebook=\u00a0\u00bb\u00a0\u00bb hide_on_tablet=\u00a0\u00bb\u00a0\u00bb hide_on_mobile=\u00a0\u00bb\u00a0\u00bb]<div class=\"sc_item_button sc_button_wrap sc_align_center\"><a href=\"https:\/\/mikkaevent.com\/index.php\/qui-sommes-nous\/\" id=\"sc_button_764862383\" class=\"sc_button color_style_link2 sc_button_default sc_button_size_normal sc_button_icon_left\"><span class=\"sc_button_text\"><span class=\"sc_button_title\">Voir plus<\/span><\/span><!-- \/.sc_button_text --><\/a><!-- \/.sc_button --><\/div><!-- \/.sc_item_button -->[\/vc_column_inner][\/vc_row_inner][vc_empty_space height=\u00a0\u00bb3rem\u00a0\u00bb alter_height=\u00a0\u00bbnone\u00a0\u00bb hide_on_desktop=\u00a0\u00bb\u00a0\u00bb hide_on_notebook=\u00a0\u00bb\u00a0\u00bb hide_on_tablet=\u00a0\u00bb\u00a0\u00bb hide_on_mobile=\u00a0\u00bb1&Prime;]<\/div><\/div>\r\n\t\t<\/div><!-- \/.sc_promo_text --><\/div><!-- \/.sc_promo -->[\/vc_column][\/vc_row][vc_row full_width=\u00a0\u00bbstretch_row\u00a0\u00bb full_height=\u00a0\u00bbyes\u00a0\u00bb css=\u00a0\u00bb.vc_custom_1511357621056{margin-right: 0px !important;margin-left: 0px !important;background-color: #332467 !important;background-size: cover !important;}\u00a0\u00bb][vc_column]<a id=\"sc_anchor_program\"\r\n\t\ttitle=\"program\" \r\n\t\t class=\"sc_anchor sc_anchor_default\" data-vc-icon=\"\" data-url=\"\"><\/a>[vc_empty_space height=\u00a0\u00bb2rem\u00a0\u00bb alter_height=\u00a0\u00bbnone\u00a0\u00bb hide_on_desktop=\u00a0\u00bb\u00a0\u00bb hide_on_notebook=\u00a0\u00bb\u00a0\u00bb hide_on_tablet=\u00a0\u00bb\u00a0\u00bb hide_on_mobile=\u00a0\u00bb\u00a0\u00bb][vc_empty_space height=\u00a0\u00bb3rem\u00a0\u00bb alter_height=\u00a0\u00bbnone\u00a0\u00bb hide_on_desktop=\u00a0\u00bb1&Prime; hide_on_notebook=\u00a0\u00bb1&Prime; hide_on_tablet=\u00a0\u00bb\u00a0\u00bb hide_on_mobile=\u00a0\u00bb\u00a0\u00bb]<div id=\"sc_title_1715913258\"\n\t\tclass=\"sc_title color_style_default scheme_dark sc_title_huge\"><h3 class=\"sc_item_title sc_title_title sc_align_center sc_item_title_style_huge\">Nos services<\/h3><h6 class=\"sc_item_subtitle sc_title_subtitle sc_align_center sc_item_title_style_huge\">NEW EXPERIENCE<\/h6><\/div><!-- \/.sc_title -->[vc_empty_space height=\u00a0\u00bb2.5rem\u00a0\u00bb alter_height=\u00a0\u00bbnone\u00a0\u00bb hide_on_mobile=\u00a0\u00bb\u00a0\u00bb]<div id=\"sc_services_1539992366\" class=\"sc_services color_style_default sc_services_default sc_services_featured_top\"><div class=\"sc_services_slider sc_item_slider slider_swiper_outer slider_outer slider_outer_nocontrols slider_outer_pagination slider_outer_pagination_bullets slider_outer_pagination_pos_bottom slider_outer_multi\">\r\n\t<div class=\"slider_container swiper-slider-container slider_swiper slider_noresize slider_nocontrols slider_pagination slider_pagination_bullets slider_pagination_pos_bottom slider_multi\" data-slides-per-view=\"2\" data-slides-space=\"30\" data-slides-min-width=\"200\" data-pagination=\"bullets\">\r\n\t\t<div class=\"slides slider-wrapper swiper-wrapper sc_item_columns_2\"><div class=\"slider-slide swiper-slide\"><div class=\"sc_services_item without_content with_image sc_services_item_featured_top\"><div class=\"sc_services_featured_container\">\n\t<div class=\"post_featured with_thumb hover_icon sc_services_item_thumb\"><img loading=\"lazy\" decoding=\"async\" width=\"800\" height=\"534\" src=\"https:\/\/mikkaevent.com\/wp-content\/uploads\/2017\/11\/sport2-800x534.jpg\" class=\"attachment-niobe-thumb-big size-niobe-thumb-big wp-post-image\" alt=\"\" srcset=\"https:\/\/mikkaevent.com\/wp-content\/uploads\/2017\/11\/sport2-800x534.jpg 800w, https:\/\/mikkaevent.com\/wp-content\/uploads\/2017\/11\/sport2-1170x780.jpg 1170w\" sizes=\"(max-width: 800px) 100vw, 800px\" \/><div class=\"mask\"><\/div><div class=\"icons\"><a href=\"https:\/\/mikkaevent.com\/index.php\/services\/sejour-sportif\/\" aria-hidden=\"true\" class=\"icon-search-alt\"><\/a><\/div><\/div>\t\n\t<div class=\"sc_services_item_subtitle\"><a href=\"https:\/\/mikkaevent.com\/index.php\/services_group\/sport\/\" title=\"View all posts in Sport\">Sport<\/a><a href=\"https:\/\/mikkaevent.com\/index.php\/services_group\/workouts\/\" title=\"View all posts in Workouts\">Workouts<\/a><\/div>\n\t<\/div><div class=\"sc_services_item_info\">\n\t\t<div class=\"sc_services_item_header\">\n\t\t\t<h4 class=\"sc_services_item_title\"><a href=\"https:\/\/mikkaevent.com\/index.php\/services\/sejour-sportif\/\">S\u00e9jour Sportif<\/a><\/h4>\n\t\t<\/div>\n\t\t\t<\/div>\n<\/div>\n<\/div><div class=\"slider-slide swiper-slide\"><div class=\"sc_services_item without_content with_image sc_services_item_featured_top\"><div class=\"sc_services_featured_container\">\n\t<div class=\"post_featured with_thumb hover_icon sc_services_item_thumb\"><img loading=\"lazy\" decoding=\"async\" width=\"800\" height=\"534\" src=\"https:\/\/mikkaevent.com\/wp-content\/uploads\/2021\/05\/desert-800x534.jpg\" class=\"attachment-niobe-thumb-big size-niobe-thumb-big wp-post-image\" alt=\"\" srcset=\"https:\/\/mikkaevent.com\/wp-content\/uploads\/2021\/05\/desert-800x534.jpg 800w, https:\/\/mikkaevent.com\/wp-content\/uploads\/2021\/05\/desert-1170x780.jpg 1170w\" sizes=\"(max-width: 800px) 100vw, 800px\" \/><div class=\"mask\"><\/div><div class=\"icons\"><a href=\"https:\/\/mikkaevent.com\/index.php\/services\/sejour-dans-le-desert-tunisien\/\" aria-hidden=\"true\" class=\"icon-search-alt\"><\/a><\/div><\/div>\t\n\t<div class=\"sc_services_item_subtitle\"><a href=\"https:\/\/mikkaevent.com\/index.php\/services_group\/travel\/\" title=\"View all posts in Travel\">Travel<\/a><a href=\"https:\/\/mikkaevent.com\/index.php\/services_group\/workouts\/\" title=\"View all posts in Workouts\">Workouts<\/a><\/div>\n\t<\/div><div class=\"sc_services_item_info\">\n\t\t<div class=\"sc_services_item_header\">\n\t\t\t<h4 class=\"sc_services_item_title\"><a href=\"https:\/\/mikkaevent.com\/index.php\/services\/sejour-dans-le-desert-tunisien\/\">S\u00e9jour dans le D\u00e9sert Tunisien<\/a><\/h4>\n\t\t<\/div>\n\t\t\t<\/div>\n<\/div>\n<\/div><div class=\"slider-slide swiper-slide\"><div class=\"sc_services_item without_content with_image sc_services_item_featured_top\"><div class=\"sc_services_featured_container\">\n\t<div class=\"post_featured with_thumb hover_icon sc_services_item_thumb\"><img loading=\"lazy\" decoding=\"async\" width=\"800\" height=\"534\" src=\"https:\/\/mikkaevent.com\/wp-content\/uploads\/2021\/05\/campp-800x534.jpg\" class=\"attachment-niobe-thumb-big size-niobe-thumb-big wp-post-image\" alt=\"\" srcset=\"https:\/\/mikkaevent.com\/wp-content\/uploads\/2021\/05\/campp-800x534.jpg 800w, https:\/\/mikkaevent.com\/wp-content\/uploads\/2021\/05\/campp-1170x780.jpg 1170w\" sizes=\"(max-width: 800px) 100vw, 800px\" \/><div class=\"mask\"><\/div><div class=\"icons\"><a href=\"https:\/\/mikkaevent.com\/index.php\/services\/circuit-en-vtt-et-camping\/\" aria-hidden=\"true\" class=\"icon-search-alt\"><\/a><\/div><\/div>\t\n\t<div class=\"sc_services_item_subtitle\"><a href=\"https:\/\/mikkaevent.com\/index.php\/services_group\/sport\/\" title=\"View all posts in Sport\">Sport<\/a><a href=\"https:\/\/mikkaevent.com\/index.php\/services_group\/workouts\/\" title=\"View all posts in Workouts\">Workouts<\/a><\/div>\n\t<\/div><div class=\"sc_services_item_info\">\n\t\t<div class=\"sc_services_item_header\">\n\t\t\t<h4 class=\"sc_services_item_title\"><a href=\"https:\/\/mikkaevent.com\/index.php\/services\/circuit-en-vtt-et-camping\/\">Circuit en VTT et camping<\/a><\/h4>\n\t\t<\/div>\n\t\t\t<\/div>\n<\/div>\n<\/div><\/div><\/div><div class=\"slider_pagination_wrap swiper-pagination\"><\/div><\/div><\/div><!-- \/.sc_services -->[vc_empty_space height=\u00a0\u00bb3rem\u00a0\u00bb alter_height=\u00a0\u00bbnone\u00a0\u00bb hide_on_desktop=\u00a0\u00bb\u00a0\u00bb hide_on_notebook=\u00a0\u00bb\u00a0\u00bb hide_on_tablet=\u00a0\u00bb\u00a0\u00bb hide_on_mobile=\u00a0\u00bb\u00a0\u00bb][\/vc_column][\/vc_row][vc_row full_width=\u00a0\u00bbstretch_row_content_no_spaces\u00a0\u00bb full_height=\u00a0\u00bbyes\u00a0\u00bb columns_placement=\u00a0\u00bbstretch\u00a0\u00bb equal_height=\u00a0\u00bbyes\u00a0\u00bb content_placement=\u00a0\u00bbmiddle\u00a0\u00bb][vc_column width=\u00a0\u00bb1\/2&Prime; hide_bg_image_on_tablet=\u00a0\u00bb\u00a0\u00bb hide_bg_image_on_mobile=\u00a0\u00bb\u00a0\u00bb]<a id=\"sc_anchor_stayintouch\"\r\n\t\ttitle=\"stay in touch\" \r\n\t\t class=\"sc_anchor sc_anchor_default\" data-vc-icon=\"\" data-url=\"\"><\/a>[vc_empty_space height=\u00a0\u00bb2rem\u00a0\u00bb alter_height=\u00a0\u00bbnone\u00a0\u00bb hide_on_desktop=\u00a0\u00bb\u00a0\u00bb hide_on_notebook=\u00a0\u00bb\u00a0\u00bb hide_on_tablet=\u00a0\u00bb\u00a0\u00bb hide_on_mobile=\u00a0\u00bb\u00a0\u00bb][vc_empty_space height=\u00a0\u00bb3rem\u00a0\u00bb alter_height=\u00a0\u00bbnone\u00a0\u00bb hide_on_desktop=\u00a0\u00bb1&Prime; hide_on_notebook=\u00a0\u00bb1&Prime; hide_on_tablet=\u00a0\u00bb\u00a0\u00bb hide_on_mobile=\u00a0\u00bb\u00a0\u00bb][vc_row_inner][vc_column_inner width=\u00a0\u00bb5\/6&Prime; offset=\u00a0\u00bbvc_col-sm-offset-1 vc_col-xs-offset-1 vc_col-xs-10&Prime;]<div id=\"sc_title_167793548\"\n\t\tclass=\"sc_title color_style_default sc_title_huge shadow_bg_text\">\n\t<div class=\"sc_item_shadow_bg_text  sc_align_center sc_item_title_style_huge sc_item_shadow_size_default niobe_inline_1228080483\">WRITE US<\/div>\n\n<h3 class=\"sc_item_title sc_title_title sc_align_center sc_item_title_style_huge\">Stay in Touch<\/h3><\/div><!-- \/.sc_title -->[\/vc_column_inner][\/vc_row_inner][vc_empty_space height=\u00a0\u00bb2.05rem\u00a0\u00bb alter_height=\u00a0\u00bbnone\u00a0\u00bb hide_on_desktop=\u00a0\u00bb\u00a0\u00bb hide_on_notebook=\u00a0\u00bb\u00a0\u00bb hide_on_tablet=\u00a0\u00bb\u00a0\u00bb hide_on_mobile=\u00a0\u00bb\u00a0\u00bb][vc_row_inner][vc_column_inner width=\u00a0\u00bb5\/6&Prime; offset=\u00a0\u00bbvc_col-lg-offset-2 vc_col-lg-8 vc_col-xs-offset-1 vc_col-xs-10&Prime;]<div role=\"form\" class=\"wpcf7\" id=\"wpcf7-f1620-o1\" lang=\"en-US\" dir=\"ltr\">\n<div class=\"screen-reader-response\"><p role=\"status\" aria-live=\"polite\" aria-atomic=\"true\"><\/p> <ul><\/ul><\/div>\n<form action=\"\/index.php\/wp-json\/wp\/v2\/pages\/137#wpcf7-f1620-o1\" method=\"post\" class=\"wpcf7-form init\" novalidate=\"novalidate\" data-status=\"init\">\n<div style=\"display: none;\">\n<input type=\"hidden\" name=\"_wpcf7\" value=\"1620\" \/>\n<input type=\"hidden\" name=\"_wpcf7_version\" value=\"5.4.1\" \/>\n<input type=\"hidden\" name=\"_wpcf7_locale\" value=\"en_US\" \/>\n<input type=\"hidden\" name=\"_wpcf7_unit_tag\" value=\"wpcf7-f1620-o1\" \/>\n<input type=\"hidden\" name=\"_wpcf7_container_post\" value=\"0\" \/>\n<input type=\"hidden\" name=\"_wpcf7_posted_data_hash\" value=\"\" \/>\n<\/div>\n<div class=\"form_container\">\n<div class=\"form_field\">\n\t\t<span class=\"wpcf7-form-control-wrap yourname\"><input type=\"text\" name=\"yourname\" value=\"\" size=\"40\" class=\"wpcf7-form-control wpcf7-text wpcf7-validates-as-required\" aria-required=\"true\" aria-invalid=\"false\" placeholder=\"Your Name\" \/><\/span>\n\t<\/div>\n<div class=\"form_field\">\n\t\t<span class=\"wpcf7-form-control-wrap youremail\"><input type=\"email\" name=\"youremail\" value=\"\" size=\"40\" class=\"wpcf7-form-control wpcf7-text wpcf7-email wpcf7-validates-as-required wpcf7-validates-as-email\" aria-required=\"true\" aria-invalid=\"false\" placeholder=\"Your Email\" \/><\/span>\n\t<\/div>\n<div class=\"form_field\">\n\t\t<span class=\"wpcf7-form-control-wrap subject\"><input type=\"text\" name=\"subject\" value=\"\" size=\"40\" class=\"wpcf7-form-control wpcf7-text\" aria-invalid=\"false\" placeholder=\"Subject\" \/><\/span>\n\t<\/div>\n<div class=\"form_field\">\n\t\t<span class=\"wpcf7-form-control-wrap yourmessage\"><textarea name=\"yourmessage\" cols=\"40\" rows=\"10\" class=\"wpcf7-form-control wpcf7-textarea wpcf7-validates-as-required\" aria-required=\"true\" aria-invalid=\"false\" placeholder=\"Your Message\"><\/textarea><\/span>\n\t<\/div>\n<div class=\"trx_addons_column-1_1 aligncenter\">\n            <span class=\"aligncenter\"><input type=\"submit\" value=\"Send Message\" class=\"wpcf7-form-control wpcf7-submit sc_button color_style_dark sc_button_modern sc_button_size_normal\" \/><\/span>\n       <\/div>\n<\/div>\n<div class=\"wpcf7-response-output\" aria-hidden=\"true\"><\/div><\/form><\/div>[\/vc_column_inner][\/vc_row_inner][vc_empty_space height=\u00a0\u00bb2rem\u00a0\u00bb alter_height=\u00a0\u00bbnone\u00a0\u00bb hide_on_desktop=\u00a0\u00bb1&Prime; hide_on_notebook=\u00a0\u00bb1&Prime; hide_on_tablet=\u00a0\u00bb\u00a0\u00bb hide_on_mobile=\u00a0\u00bb\u00a0\u00bb][vc_empty_space height=\u00a0\u00bb3rem\u00a0\u00bb alter_height=\u00a0\u00bbnone\u00a0\u00bb hide_on_desktop=\u00a0\u00bb\u00a0\u00bb hide_on_notebook=\u00a0\u00bb\u00a0\u00bb hide_on_tablet=\u00a0\u00bb\u00a0\u00bb hide_on_mobile=\u00a0\u00bb\u00a0\u00bb][\/vc_column][vc_column width=\u00a0\u00bb1\/2&Prime; css=\u00a0\u00bb.vc_custom_1510060096874{background-image: url(http:\/\/niobe.axiomthemes.com\/wp-content\/uploads\/2016\/09\/bg_cta3.jpg?id=1348) !important;background-position: center !important;background-repeat: no-repeat !important;background-size: cover !important;}\u00a0\u00bb][vc_empty_space height=\u00a0\u00bb10rem\u00a0\u00bb alter_height=\u00a0\u00bbnone\u00a0\u00bb hide_on_desktop=\u00a0\u00bb\u00a0\u00bb hide_on_notebook=\u00a0\u00bb\u00a0\u00bb hide_on_tablet=\u00a0\u00bb\u00a0\u00bb hide_on_mobile=\u00a0\u00bb\u00a0\u00bb][vc_empty_space height=\u00a0\u00bb10rem\u00a0\u00bb alter_height=\u00a0\u00bbnone\u00a0\u00bb hide_on_desktop=\u00a0\u00bb\u00a0\u00bb hide_on_notebook=\u00a0\u00bb\u00a0\u00bb hide_on_tablet=\u00a0\u00bb\u00a0\u00bb hide_on_mobile=\u00a0\u00bb\u00a0\u00bb][vc_empty_space height=\u00a0\u00bb10rem\u00a0\u00bb alter_height=\u00a0\u00bbnone\u00a0\u00bb hide_on_desktop=\u00a0\u00bb\u00a0\u00bb hide_on_notebook=\u00a0\u00bb\u00a0\u00bb hide_on_tablet=\u00a0\u00bb\u00a0\u00bb hide_on_mobile=\u00a0\u00bb\u00a0\u00bb][vc_empty_space height=\u00a0\u00bb10rem\u00a0\u00bb alter_height=\u00a0\u00bbnone\u00a0\u00bb hide_on_desktop=\u00a0\u00bb\u00a0\u00bb hide_on_notebook=\u00a0\u00bb\u00a0\u00bb hide_on_tablet=\u00a0\u00bb\u00a0\u00bb hide_on_mobile=\u00a0\u00bb\u00a0\u00bb][\/vc_column][\/vc_row]<\/p>\n","protected":false},"excerpt":{"rendered":"<p>[vc_row full_width=\u00a0\u00bbstretch_row_content_no_spaces\u00a0\u00bb equal_height=\u00a0\u00bbyes\u00a0\u00bb][vc_column][rev_slider_vc alias=\u00a0\u00bbhome_1&Prime;][\/vc_column][\/vc_row][vc_row full_width=\u00a0\u00bbstretch_row_content_no_spaces\u00a0\u00bb][vc_column][\/vc_column][\/vc_row][vc_row full_width=\u00a0\u00bbstretch_row\u00a0\u00bb full_height=\u00a0\u00bbyes\u00a0\u00bb css=\u00a0\u00bb.vc_custom_1511357621056{margin-right: 0px !important;margin-left: 0px !important;background-color: #332467 !important;background-size: cover !important;}\u00a0\u00bb][vc_column][vc_empty_space height=\u00a0\u00bb2rem\u00a0\u00bb alter_height=\u00a0\u00bbnone\u00a0\u00bb hide_on_desktop=\u00a0\u00bb\u00a0\u00bb hide_on_notebook=\u00a0\u00bb\u00a0\u00bb hide_on_tablet=\u00a0\u00bb\u00a0\u00bb hide_on_mobile=\u00a0\u00bb\u00a0\u00bb][vc_empty_space height=\u00a0\u00bb3rem\u00a0\u00bb alter_height=\u00a0\u00bbnone\u00a0\u00bb hide_on_desktop=\u00a0\u00bb1&Prime; hide_on_notebook=\u00a0\u00bb1&Prime; hide_on_tablet=\u00a0\u00bb\u00a0\u00bb hide_on_mobile=\u00a0\u00bb\u00a0\u00bb][vc_empty_space height=\u00a0\u00bb2.5rem\u00a0\u00bb alter_height=\u00a0\u00bbnone\u00a0\u00bb hide_on_mobile=\u00a0\u00bb\u00a0\u00bb][vc_empty_space height=\u00a0\u00bb3rem\u00a0\u00bb alter_height=\u00a0\u00bbnone\u00a0\u00bb hide_on_desktop=\u00a0\u00bb\u00a0\u00bb hide_on_notebook=\u00a0\u00bb\u00a0\u00bb hide_on_tablet=\u00a0\u00bb\u00a0\u00bb hide_on_mobile=\u00a0\u00bb\u00a0\u00bb][\/vc_column][\/vc_row][vc_row full_width=\u00a0\u00bbstretch_row_content_no_spaces\u00a0\u00bb full_height=\u00a0\u00bbyes\u00a0\u00bb columns_placement=\u00a0\u00bbstretch\u00a0\u00bb&hellip;<\/p>\n","protected":false},"author":1,"featured_media":0,"parent":0,"menu_order":0,"comment_status":"closed","ping_status":"closed","template":"","meta":{"footnotes":""},"_links":{"self":[{"href":"https:\/\/mikkaevent.com\/index.php\/wp-json\/wp\/v2\/pages\/137"}],"collection":[{"href":"https:\/\/mikkaevent.com\/index.php\/wp-json\/wp\/v2\/pages"}],"about":[{"href":"https:\/\/mikkaevent.com\/index.php\/wp-json\/wp\/v2\/types\/page"}],"author":[{"embeddable":true,"href":"https:\/\/mikkaevent.com\/index.php\/wp-json\/wp\/v2\/users\/1"}],"replies":[{"embeddable":true,"href":"https:\/\/mikkaevent.com\/index.php\/wp-json\/wp\/v2\/comments?post=137"}],"version-history":[{"count":5,"href":"https:\/\/mikkaevent.com\/index.php\/wp-json\/wp\/v2\/pages\/137\/revisions"}],"predecessor-version":[{"id":2197,"href":"https:\/\/mikkaevent.com\/index.php\/wp-json\/wp\/v2\/pages\/137\/revisions\/2197"}],"wp:attachment":[{"href":"https:\/\/mikkaevent.com\/index.php\/wp-json\/wp\/v2\/media?parent=137"}],"curies":[{"name":"wp","href":"https:\/\/api.w.org\/{rel}","templated":true}]}}